{"id":378,"date":"2024-02-22T15:07:40","date_gmt":"2024-02-22T15:07:40","guid":{"rendered":"https:\/\/multiscale.ro\/?page_id=378"},"modified":"2024-02-22T15:07:41","modified_gmt":"2024-02-22T15:07:41","slug":"livrabile","status":"publish","type":"page","link":"https:\/\/multiscale.ro\/index.php\/livrabile\/","title":{"rendered":"Livrabile"},"content":{"rendered":"\n<p> <style type=\"text\/css\">p { line-height: 115%; text-align: left; orphans: 2; widows: 2; margin-bottom: 0.1in; direction: ltr; background: transparent }p.ctl { font-family: \"Times New Roman\" }<\/style><p class=\"western\" align=\"justify\" style=\"margin-bottom: 0.14in\"> <font face=\"Trebuchet MS, serif\"><font size=\"3\" style=\"font-size: 12pt\"><span lang=\"ro-RO\"><i>Contract subsidiar nr. 16053\/25.10.2018 incheiat cu SC APEL LASER SRL tip B<\/i><\/span><\/font><\/font><\/p><ul><li><p align=\"justify\" style=\"margin-bottom: 0.08in\"><font face=\"Trebuchet MS, serif\"><font size=\"3\" style=\"font-size: 12pt\"><span lang=\"ro-RO\">Livrabilul L.B.1. Raport asupra activitatii de accesare de catre reprezentantii SC Apel Laser SRL a platformei HYRES si a laboratoarelor INSAE<\/span><\/font><\/font><\/p><\/li><\/ul><p class=\"western\" align=\"justify\" style=\"margin-bottom: 0.14in\"><font face=\"Trebuchet MS, serif\"><font size=\"3\" style=\"font-size: 12pt\"><span lang=\"ro-RO\"><i>Contract subsidiar NR. 14317\/06.11.2020, incheiat cu SC EUROPLASTIC SRL tip B<\/i><\/span><\/font><\/font><\/p><ul><li><p align=\"justify\" style=\"margin-bottom: 0.08in\"><font face=\"Trebuchet MS, serif\"><font size=\"3\" style=\"font-size: 12pt\"><span lang=\"ro-RO\">Livrabilul L.B.1.Raport asupra activitatii de accesare de catre reprezentantii SC<\/span><\/font><\/font><font face=\"Trebuchet MS, serif\"><font size=\"3\" style=\"font-size: 12pt\"><span lang=\"ro-RO\"><i> <\/i><\/span><\/font><\/font><font face=\"Trebuchet MS, serif\"><font size=\"3\" style=\"font-size: 12pt\"><span lang=\"ro-RO\">Europlastic SRL a platformei HYRES si a laboratoarelor INSAE<\/span><\/font><\/font><\/p><\/li><\/ul><p class=\"western\" align=\"justify\" style=\"margin-bottom: 0.08in\"><font face=\"Trebuchet MS, serif\"><font size=\"3\" style=\"font-size: 12pt\"><span lang=\"ro-RO\"><i>Contract subsidiar nr. 3206\/26.02.2018, incheiat cu SC ECOHORNET SRL tip B<\/i><\/span><\/font><\/font><\/p><ul><li><p align=\"justify\" style=\"margin-bottom: 0.08in\"><font face=\"Trebuchet MS, serif\"><font size=\"3\" style=\"font-size: 12pt\"><span lang=\"ro-RO\">Livrabilul L.B.1.Raport asupra activitatii de accesare de catre reprezentantii SC Ecohornet SRL a platformei HYRES si a laboratoarelor INSAE<\/span><\/font><\/font><\/p><\/li><\/ul><p class=\"western\" align=\"justify\" style=\"margin-bottom: 0.08in\"><font face=\"Trebuchet MS, serif\"><font size=\"3\" style=\"font-size: 12pt\"><span lang=\"ro-RO\"><i>CONTRACT SUBSIDIAR nr. 3207\/26.02.2018, incheiat cu SC SOLAROM SRL tip B<\/i><\/span><\/font><\/font><\/p><ul><li><p align=\"justify\" style=\"margin-bottom: 0.08in\"><font face=\"Trebuchet MS, serif\"><font size=\"3\" style=\"font-size: 12pt\"><span lang=\"ro-RO\">Livrabilul L.B.1.3.Raport asupra activit\u0103\u021bii de accesare de c\u0103tre reprezentan\u021bii SC SOLAROM SRL a platformei HYRES \u0219i a laboratoarelor INSAE<\/span><\/font><\/font><\/p><\/li><\/ul><p class=\"western\" align=\"justify\" style=\"margin-bottom: 0.14in\"><font face=\"Trebuchet MS, serif\"><font size=\"3\" style=\"font-size: 12pt\"><span lang=\"ro-RO\"><i>Contract subsidiar nr. 3219\/26.02.2018, incheiat cu SC SOLAROM SRL tip C<\/i><\/span><\/font><\/font><\/p><ul><li><p align=\"justify\" style=\"margin-bottom: 0.14in\"><font face=\"Trebuchet MS, serif\"><font size=\"3\" style=\"font-size: 12pt\"><span lang=\"ro-RO\">Livrabilul L.C.1.1.Raport asupra determinarilor experimentale pentru SC SOLAROM SRL- activitate C1.1.- cercetare industriala<\/span><\/font><\/font><\/p><\/li><\/ul><\/p>\n\n\n\n<ul class=\"wp-block-list\">\n<li>Livrabilul L.C.1.1.Raport asupra determinarilor experimentale pentru SC SOLAROM SRL- activitate C1.2.- dezvoltare experiementala<\/li>\n<\/ul>\n\n\n\n<p><em>Contract subsidiar nr. 3215\/26.02.2018, incheiat cu SC ECOHORNET SRL tip C<\/em><\/p>\n\n\n\n<ul class=\"wp-block-list\">\n<li>Livrabilul L.C.1.1.Raport asupra determinarilor experimentale pentru SC ECOHORNET SRL Activitate C.1.1 \u2013cercetare industriala<\/li>\n\n\n\n<li>Livrabilul L.C.1.1.Raport asupra determinarilor experimentale pentru SC ECOHORNET SRL Activitate C.1.2 \u2013dezvoltare experimentala<\/li>\n<\/ul>\n\n\n\n<p><em>Contract subsidiar nr. 14319\/06.11.2020, incheiat cu SOCIETATEA DE INGINERIE SISTEME SIS SA tip C<\/em><\/p>\n\n\n\n<ul class=\"wp-block-list\">\n<li>Livrabilul L.C.1.1.Raport de cercetare industriala realizat de catre organizatia de cercetare pentru SOCIETATEA DE INGINERIE SISTEME SIS SA<\/li>\n\n\n\n<li>Livrabilul L.C.1.2.Raport de dezvoltare experimentala realizat de catre organizatia de cercetare pentru SOCIETATEA DE INGINERIE SISTEME SIS SA<\/li>\n\n\n\n<li>Livrabilul L.C.1.1.Raport asupra cercetarii de piata cu privire la evaluarea segmentului de piata pentru microretele specifice statiilor de epurare din Romania<\/li>\n<\/ul>\n\n\n\n<p><em>Contract subsidiar nr. 14318\/06.11.2020, incheiat SC EUROPLASTIC SRL tip C<\/em><\/p>\n\n\n\n<ul class=\"wp-block-list\">\n<li>Livrabilul L.C.1.1.Raport asupra determinarilor experimentale pentru SC EUROPLASTIC SRL Activitate C.1.1 \u2013cercetare industriala<\/li>\n\n\n\n<li>Livrabilul L.C.1.2.Raport asupra determinarilor experimentale pentru SC ECOHORNET SRL Activitate C.1.2 \u2013dezvoltare experimentala<\/li>\n\n\n\n<li>Livrabilul L.C.1.3. Raport asupra cercetarii de piata pentru <em>SC EUROPLASTIC SRL<\/em><\/li>\n<\/ul>\n\n\n\n<p><em>Contract subsidiar nr. 16052\/25.10.2018 incheiat cu SC APEL LASER SRL tip D<\/em><\/p>\n\n\n\n<ul class=\"wp-block-list\">\n<li>Livrabilul L.D.1.2 &#8211; Cercetare industrial\u0103 asupra conceptelor noi de integrare a materialelor nano-structurate prin modelare multi-scalar\u0103 \u0219i multi-fizic\u0103 pe baza unor metode folosind teoria constructal\u0103, metode fractalice, metode matematice hibride \u0219i abord\u0103ri bionice<\/li>\n\n\n\n<li>Livrabilul L.D.1.4 &#8211; Cercetare pentru integrarea materialelor avansate \u00een sisteme de producere, echilibrare, acumulare \u0219i utilizare inteligent\u0103 a energiei<\/li>\n<\/ul>\n\n\n\n<p><em>Contract subsidiar nr. 3015\/26.02.2021 incheiat cu BEIA CONSULT INTERNATIONAL SRL tip D<\/em><\/p>\n\n\n\n<ul class=\"wp-block-list\">\n<li>Livrabilul L.D.1.3. &#8211; Cercetare industrial\u0103 realizata in colaborare efectiva asupra dezvolt\u0103rii unei abord\u0103ri holistice pentru integrarea materialelor avansate \u00een vederea promov\u0103rii de solu\u021bii eco-inovative<\/li>\n<\/ul>\n\n\n\n<ul class=\"wp-block-list\">\n<li>Livrabilul L.D.1.4 &#8211; Cercetare industrial\u0103 realizata in colaborare efectiva pentru integrarea materialelor avansate \u00een sisteme de producere, echilibrare, acumulare \u0219i utilizare inteligent\u0103 a energiei<\/li>\n\n\n\n<li>Livrabilul L.D.2.3 &#8211; Dezvoltare experimental\u0103 realizata in colaborare efectiva pentru integrarea rezultatelor de cercetare industrial\u0103 \u00een vederea realiz\u0103rii de sisteme cu reactoare bio-electrochimice pentru sinteza de substan\u021be cu valoare de pia\u021b\u0103 ridicat\u0103, cum ar fi amoniacul \u0219i ureea, prin utilizarea energiei provenite din surse intermitente (eolian\u0103 \u0219i solar\u0103), realizarea de instala\u021bii de procesare a dejec\u021biilor integr\u00e2nd celule de combustie microbiale \u015fi \u00een vederea realiz\u0103rii de sisteme de tip celule de combustie de \u00eenalt\u0103 performan\u021b\u0103 tip PEM, SOFC, MCFC care s\u0103 func\u021bioneze cu hidrogen respectiv biogaz \u0219i celule pe baz\u0103 de uree sau amoniac<\/li>\n\n\n\n<li>Livrabilul L.D.2.6. &#8211; Dezvoltare experimental\u0103 realizata in colaborare efectiva pentru integrarea rezultatelor de cercetare industrial\u0103 \u00een vederea realiz\u0103rii de structuri optimale destinate sistemelor de recuperare a energiei eoliene \u0219i solare cu \u00eenalt\u0103 rezisten\u021b\u0103 la coroziune destinate zonelor litorale \u0219i pentru aplica\u021bii \u00een ape continentale \u015fi pentru realizarea de materiale de construc\u021bie cu propriet\u0103\u021bi de izolare termic\u0103 \u0219i propriet\u0103\u021bi de rezisten\u021b\u0103 anticoroziv\u0103 pentru utilizare \u00een instala\u021bii de biogaz, izolarea echipamentelor \u0219i cl\u0103dirilor industriale \u0219i pentru aplica\u021bii speciale \u00een medii corozive sau \u00een aplica\u021bii din zone cu ape continentale<\/li>\n<\/ul>\n\n\n\n<p><em>Contract subsidiar nr. 3216\/26.02.2018 incheiat cu SC ECOHORNET SRL tip D<\/em><\/p>\n\n\n\n<ul class=\"wp-block-list\">\n<li>Livrabilul L.D1.1. Cercetare industrial\u0103 asupra materialelor nano-structurate cu propriet\u0103\u021bi fizice \u0219i chimice adaptate la cerin\u021bele de aplicare<\/li>\n\n\n\n<li>Livrabilul L.D.1.2. Cercetare industrial\u0103 asupra conceptelor noi de integrare a materialelor nano-structurate prin modelare multi-scalar\u0103 \u0219i multi-fizic\u0103 pe baza unor metode folosind teoria constructal\u0103, metode fractalice, metode matematice hibride \u0219i abord\u0103ri bionice<\/li>\n\n\n\n<li>Livrabilul L.D.1.3. Cercetare industrial\u0103 realizata in colaborare efectiva asupra dezvolt\u0103rii unei abord\u0103ri holistice pentru integrarea materialelor avansate \u00een vederea promov\u0103rii de solu\u021bii eco-inovative<\/li>\n\n\n\n<li>Livrabilul L.D.2.4. Raport de cercetare asupra modelului experimental de sistem de procesarea biomasei \u0219i a altor forme de energie regenerabil\u0103 (eolian\u0103 \u0219i solar\u0103) \u00een vederea producerii de hidrogen ca vector energetic pentru sisteme de cogenerare cu \u00eenalt\u0103 eficien\u021b\u0103 \u0219i impact ecologic redus asupra mediului \u00eenconjur\u0103tor \u015fi \u00een vederea realiz\u0103rii de metode inginere\u0219ti avansate pentru analiza \u0219i optimizarea instala\u021biilor de cogenerare hibride care s\u0103 integreze sisteme solare, sisteme eoliene, celule de combustie, acumulatoare de energie \u0219i sisteme clasice de cogenerare.<\/li>\n<\/ul>\n\n\n\n<ul class=\"wp-block-list\">\n<li>Livrabilul L.D2.5. Raport de cercetare asupra modelului experimental de sistem catalitic de ardere pentru biomas\u0103, biocombustibili \u0219i hidrogen \u00een vederea cre\u0219terii eficien\u021bei \u0219i reducerii emisiilor poluante, oferirea de servicii eco-inovative de auditare energetic\u0103, cre\u0219terea eficien\u021bei energetice \u0219i reducerea impactului ecologic \u015fi \u00een vederea oferirii de servicii de modelare, simulare \u0219i optimizare folosind concepte inginere\u0219ti avansate \u00een vederea optimiz\u0103rii multi-scalare \u0219i multi-fizice a proceselor din sistemele energetice<\/li>\n<\/ul>\n\n\n\n<p><em>Contract subsidiar nr. 7844\/31.05.2019 incheiat cu SC ELTRES R&amp;D SRL tip D<\/em><\/p>\n\n\n\n<ul class=\"wp-block-list\">\n<li>Livrabilul L.D.1.2 Cercetare industrial\u0103 asupra conceptelor noi de integrare a materialelor nano-structurate prin modelare multi-scalar\u0103 \u0219i multi-fizic\u0103 pe baza unor metode folosind teoria constructal\u0103, metode fractalice, metode matematice hibride \u0219i abord\u0103ri bionice<\/li>\n\n\n\n<li>Livrabilul L.D.1.3. Cercetare industrial\u0103 asupra dezvolt\u0103rii unei abord\u0103ri holistice pentru integrarea materialelor avansate \u00een vederea promov\u0103rii de solu\u021bii eco-inovative<\/li>\n\n\n\n<li>Livrabilul L.D.1.4 Cercetare industrial\u0103 pentru integrarea materialelor avansate \u00een sisteme de producere, echilibrare, acumulare \u0219i utilizare inteligent\u0103 a energiei.<\/li>\n<\/ul>\n\n\n\n<ul class=\"wp-block-list\">\n<li>Livrabilul L.D.2.7 Raport de cercetare asupra modelului experimental de aplica\u021bie industrial\u0103 realizat\u0103 pe baza conceptelor de Internet of Services \u0219i Internet of Things \u0219i integr\u00e2nd algoritmi \u0219i baze de date specializate.<\/li>\n<\/ul>\n\n\n\n<p><em>Contract subsidiar nr. 14323\/06.11.2020 incheiat cu SC Europlastic SRL tip D<\/em><\/p>\n\n\n\n<ul class=\"wp-block-list\">\n<li>Livrabilul L.D.2.1 Raport de cercetare asupra modelului experimental de sistem de procesare a biomasei reziduale \u0219i din diferite tipuri de bioresurse \u00een vederea producerii de biogaz cu o eficien\u021b\u0103 de conversie ridicat\u0103, extrac\u021bie de substan\u021be utile cum ar fi azota\u021bi, fosfa\u021bi sau acid uric \u00een vederea valorific\u0103rii superioare a acestora \u015fi \u00een vederea realiz\u0103ii de reactoare inovative cu eficien\u021b\u0103 ridicat\u0103, cu costuri minime de \u00eentre\u021binere, rezistente la coroziune \u0219i cu fiabilitate ridicat\u0103.<\/li>\n\n\n\n<li>Livrabilul L.D.2.3 Raport de cercetare asupra modelului experimental de sistem cu reactoare bio-electrochimice pentru sinteza de substan\u021be cu valoare de pia\u021b\u0103 ridicat\u0103, cum ar fi amoniacul \u0219i ureea, prin utilizarea energiei provenite din surse intermitente (eolian\u0103 \u0219i solar\u0103), realizarea de instala\u021bii de procesare a dejec\u021biilor integr\u00e2nd celule de combustie microbiale \u015fi \u00een vederea realiz\u0103rii de sisteme de tip celule de combustie de \u00eenalt\u0103 performan\u021b\u0103 tip PEM, SOFC, MCFC care s\u0103 func\u021bioneze cu hidrogen respectiv biogaz \u0219i celule pe baz\u0103 de uree sau amoniac.<\/li>\n<\/ul>\n\n\n\n<p><em>Contract subsidiar nr. 3211\/26.02.2018 incheiat cu SC INAS SA tip D<\/em><\/p>\n\n\n\n<ul class=\"wp-block-list\">\n<li>Livrabilul L.D.1.2. Cercetare industrial\u0103 asupra conceptelor noi de integrare a materialelor nano-structurate prin modelare multi-scalar\u0103 \u0219i multi-fizic\u0103 pe baza unor metode folosind teoria constructal\u0103, metode fractalice, metode matematice hibride \u0219i abord\u0103ri bionice<\/li>\n\n\n\n<li>Livrabilul L.D.1.5. Cercetare industrial\u0103 asupra integr\u0103rii solu\u021biilor de software \u00een sistemele \u0219i componentele energetice cu materiale avansate folosind tehnologii de tip Internetul Serviciilor \u0219i Intenetul Lucrurilor<\/li>\n\n\n\n<li>Livrabilul L.D.2.5. Raport de cercetare asupra modelului experimental de sistem catalitic de ardere pentru biomas\u0103, biocombustibili \u0219i hidrogen \u00een vederea cre\u0219terii eficien\u021bei \u0219i reducerii emisiilor poluante, oferirea de servicii eco-inovative de auditare energetic\u0103, cre\u0219terea eficien\u021bei energetice \u0219i reducerea impactului ecologic \u015fi \u00een vederea oferirii de servicii de modelare, simulare \u0219i optimizare folosind concepte inginere\u0219ti avansate \u00een vederea optimiz\u0103rii multi-scalare \u0219i multi-fizice a proceselor din sistemele energetice<\/li>\n\n\n\n<li>Livrabilul L.D.2.6. Raport de cercetare asupra modelului experimental de structuri optimale destinate sistemelor de recuperare a energiei eoliene \u0219i solare cu \u00eenalt\u0103 rezisten\u021b\u0103 la coroziune destinate zonelor litorale \u0219i pentru aplica\u021bii \u00een ape continentale \u015fi pentru realizarea de materiale de construc\u021bie cu propriet\u0103\u021bi de izolare termic\u0103 \u0219i propriet\u0103\u021bi de rezisten\u021b\u0103 anticoroziv\u0103 pentru utilizare \u00een instala\u021bii de biogaz, izolarea echipamentelor \u0219i cl\u0103dirilor industriale \u0219i pentru aplica\u021bii speciale \u00een medii corozive sau \u00een aplica\u021bii din zone cu ape continentale.<\/li>\n<\/ul>\n\n\n\n<p><em>Contract subsidiar nr. 14320\/06.11.2020 incheiat cu Sisteme de Inginerie Sisteme SIS SA tip D<\/em><\/p>\n\n\n\n<ul class=\"wp-block-list\">\n<li>Livrabilul L.D.2.2 &#8211; Raport de cercetare asupra modelului experimental de sistem de procesare a resturilor vegetale \u00een vederea peletiz\u0103rii acestora, tratarea pele\u021bilor prin torefiere \u0219i condi\u021bionarea \u00een vederea ob\u021binerii de propriet\u0103\u021bi superioare pentru utilizarea \u00een sisteme energetice, sisteme de procesare industriale sau \u00een alte aplica\u021bii eco-inovative \u015fi \u00een vederea realiz\u0103ii de concepte \u0219i metodologii eco-inovative de tratare a n\u0103molurilor din sta\u021biile de epurare municipale \u0219i industriale cu bilan\u021b energetic pozitiv.<\/li>\n\n\n\n<li>Livrabilul L.D.2.5 &#8211; Raport de cercetare asupra modelului experimental de sistem catalitic de ardere pentru biomas\u0103, biocombustibili \u0219i hidrogen \u00een vederea cre\u0219terii eficien\u021bei \u0219i reducerii emisiilor poluante, oferirea de servicii eco-inovative de auditare energetic\u0103, cre\u0219terea eficien\u021bei energetice \u0219i reducerea impactului ecologic \u015fi \u00een vederea oferirii de servicii de modelare, simulare \u0219i optimizare folosind concepte inginere\u0219ti avansate \u00een vederea optimiz\u0103rii multi-scalare \u0219i multi-fizice a proceselor din sistemele energetice<\/li>\n<\/ul>\n\n\n\n<p><em>Contract subsidiar nr. 6800\/23.05.2018 incheiat cu SC SOLAROM SRL tip D<\/em><\/p>\n\n\n\n<ul class=\"wp-block-list\">\n<li>Livrabilul L.D.1.1.Cercetare industrial\u0103 asupra materialelor nano-structurate cu propriet\u0103\u021bi fizice \u0219i chimice adaptate la cerin\u021bele de aplicare<\/li>\n\n\n\n<li>Livrabilul L.D.1.4 &#8211; Cercetare industrial\u0103 pentru integrarea materialelor avansate \u00een sisteme de producere, echilibrare, acumulare \u0219i utilizare inteligent\u0103 a energiei<\/li>\n\n\n\n<li>Livrabilul L.D.2.4.- Raport de cercetare asupra modelului experimental de sistem de procesarea biomasei \u0219i a altor forme de energie regenerabil\u0103 (eolian\u0103 \u0219i solar\u0103) \u00een vederea producerii de hidrogen ca vector energetic pentru sisteme de cogenerare cu \u00eenalt\u0103 eficien\u021b\u0103 \u0219i impact ecologic redus asupra mediului \u00eenconjur\u0103tor \u015fi \u00een vederea realiz\u0103rii de metode inginere\u0219ti avansate pentru analiza \u0219i optimizarea instala\u021biilor de cogenerare hibride care s\u0103 integreze sisteme solare, sisteme eoliene, celule de combustie, acumulatoare de energie \u0219i sisteme clasice de cogenerare<\/li>\n\n\n\n<li>Livrabilul L.D.2.6. Raport de cercetare asupra modelului experimental de structuri optimale destinate sistemelor de recuperare a energiei eoliene \u0219i solare cu \u00eenalt\u0103 rezisten\u021b\u0103 la coroziune destinate zonelor litorale \u0219i pentru aplica\u021bii \u00een ape continentale \u015fi pentru realizarea de materiale de construc\u021bie cu propriet\u0103\u021bi de izolare termic\u0103 \u0219i propriet\u0103\u021bi de rezisten\u021b\u0103 anticoroziv\u0103 pentru utilizare \u00een instala\u021bii de biogaz, izolarea echipamentelor \u0219i cl\u0103dirilor industriale \u0219i pentru aplica\u021bii speciale \u00een medii corozive sau \u00een aplica\u021bii din zone cu ape continentale<\/li>\n<\/ul>\n\n\n\n<p><em>Contract subsidiar nr. 16051\/25.10.2018 incheiat cu SC TRITECH GROUP SRL tip D<\/em><\/p>\n\n\n\n<ul class=\"wp-block-list\">\n<li>Livrabilul L.D.1.3. &#8211; Cercetare industrial\u0103 asupra dezvolt\u0103rii unei abord\u0103ri holistice pentru integrarea materialelor avansate \u00een vederea promov\u0103rii de solu\u021bii eco-inovative.<\/li>\n\n\n\n<li>Livrabilul L.D.1.4 &#8211; Cercetare industrial\u0103 pentru integrarea materialelor avansate \u00een sisteme de producere, echilibrare, acumulare \u0219i utilizare inteligent\u0103 a energiei<\/li>\n<\/ul>\n","protected":false},"excerpt":{"rendered":"<p>Contract subsidiar nr. 16053\/25.10.2018 incheiat cu SC APEL LASER SRL tip B Livrabilul L.B.1. Raport asupra activitatii de accesare de catre reprezentantii SC Apel Laser SRL a platformei HYRES si a laboratoarelor INSAE Contract subsidiar NR. 14317\/06.11.2020, incheiat cu SC EUROPLASTIC SRL tip B Livrabilul L.B.1.Raport asupra activitatii de accesare de catre reprezentantii SC Europlastic&hellip;&nbsp;<a href=\"https:\/\/multiscale.ro\/index.php\/livrabile\/\" rel=\"bookmark\">Read More &raquo;<span class=\"screen-reader-text\">Livrabile<\/span><\/a><\/p>\n","protected":false},"author":1,"featured_media":0,"parent":0,"menu_order":0,"comment_status":"closed","ping_status":"closed","template":"","meta":{"neve_meta_sidebar":"","neve_meta_container":"","neve_meta_enable_content_width":"","neve_meta_content_width":0,"neve_meta_title_alignment":"center","neve_meta_author_avatar":"","neve_post_elements_order":"","neve_meta_disable_header":"","neve_meta_disable_footer":"","neve_meta_disable_title":"","footnotes":""},"class_list":["post-378","page","type-page","status-publish","hentry"],"_links":{"self":[{"href":"https:\/\/multiscale.ro\/index.php\/wp-json\/wp\/v2\/pages\/378","targetHints":{"allow":["GET"]}}],"collection":[{"href":"https:\/\/multiscale.ro\/index.php\/wp-json\/wp\/v2\/pages"}],"about":[{"href":"https:\/\/multiscale.ro\/index.php\/wp-json\/wp\/v2\/types\/page"}],"author":[{"embeddable":true,"href":"https:\/\/multiscale.ro\/index.php\/wp-json\/wp\/v2\/users\/1"}],"replies":[{"embeddable":true,"href":"https:\/\/multiscale.ro\/index.php\/wp-json\/wp\/v2\/comments?post=378"}],"version-history":[{"count":1,"href":"https:\/\/multiscale.ro\/index.php\/wp-json\/wp\/v2\/pages\/378\/revisions"}],"predecessor-version":[{"id":379,"href":"https:\/\/multiscale.ro\/index.php\/wp-json\/wp\/v2\/pages\/378\/revisions\/379"}],"wp:attachment":[{"href":"https:\/\/multiscale.ro\/index.php\/wp-json\/wp\/v2\/media?parent=378"}],"curies":[{"name":"wp","href":"https:\/\/api.w.org\/{rel}","templated":true}]}}