{"id":310,"date":"2021-09-27T07:06:07","date_gmt":"2021-09-27T07:06:07","guid":{"rendered":"http:\/\/multiscale.ro\/?page_id=310"},"modified":"2024-05-23T11:40:50","modified_gmt":"2024-05-23T11:40:50","slug":"diseminare","status":"publish","type":"page","link":"https:\/\/multiscale.ro\/index.php\/diseminare\/","title":{"rendered":"Diseminare"},"content":{"rendered":"\n\n\t\t\t<a href=\"\/\/multiscale.ro\/wp-content\/uploads\/2021\/11\/nn21_poster-scaled.jpg\" target=\"_blank\" rel=\"noopener\">\n\t\t\t\t\t\t\t18th International Conference on Nanosciences &#038; Nanotechnologies (NN21) 2021, Thessaloniki, Greece\n\t\t\t\t\t<\/a>\n\t\t\t<a href=\"\/\/multiscale.ro\/wp-content\/uploads\/2021\/11\/ecos-01-scaled.jpg\" target=\"_blank\" rel=\"noopener\">\n\t\t\t\t\t\t\tECOS 2021 &#8211; THERMODYNAMIC MODELING AND OPTIMIZATION OF A SOLAR-THERMAL \/ PELLET BOILER DISTRICT HEATING PLANT INTEGRATING NANOTECHNOLOGIES\n\t\t\t\t\t<\/a>\n\t\t\t<a href=\"\/\/multiscale.ro\/wp-content\/uploads\/2021\/11\/nanotech-01-2021-scaled.jpg\" target=\"_blank\" rel=\"noopener\">\n\t\t\t\t\t\t\tNanotech 2021 &#8211; Colloidal Suspenssion of Silver Nanoparticles for Random Dispersion of LASER Beams\n\t\t\t\t\t<\/a>\n\t\t\t<a href=\"\/\/multiscale.ro\/wp-content\/uploads\/2021\/11\/nanotech-02-2021-scaled.jpg\" target=\"_blank\" rel=\"noopener\">\n\t\t\t\t\t\t\tNanotech 2021 &#8211; CNT and Graphene based Nanocomposite for Enhancing the Heat Transfer Processes in Hybrid Solar Panels\n\t\t\t\t\t<\/a>\n\t<p>&nbsp;<\/p>\n<p>&nbsp;<\/p>\n<p>Radio Rom\u00e2nia Actualit\u0103\u0163i &#8211; Emisiunea &#8220;Printre stele&#8221; &#8211; 08.11.2021<\/p>\n\t\t<meta itemprop=\"url\" content=\"https:\/\/multiscale.ro\/wp-content\/uploads\/2021\/11\/pod-audio-24681-printre_stele_-_2021-_11-_09_-_dm.mp3\" \/><!--[if lt IE 9]><script>document.createElement('audio');<\/script><![endif]-->\n<audio class=\"wp-audio-shortcode\" id=\"audio-310-1\" preload=\"none\" style=\"width: 100%;\" controls=\"controls\"><source type=\"audio\/mpeg\" src=\"https:\/\/multiscale.ro\/wp-content\/uploads\/2021\/11\/pod-audio-24681-printre_stele_-_2021-_11-_09_-_dm.mp3?_=1\" \/><a href=\"https:\/\/multiscale.ro\/wp-content\/uploads\/2021\/11\/pod-audio-24681-printre_stele_-_2021-_11-_09_-_dm.mp3\">https:\/\/multiscale.ro\/wp-content\/uploads\/2021\/11\/pod-audio-24681-printre_stele_-_2021-_11-_09_-_dm.mp3<\/a><\/audio>\n\t<h2>Anun\u021b publicitar ziar<\/h2>\n\t\t\t\t<img decoding=\"async\" src=\"https:\/\/multiscale.ro\/wp-content\/uploads\/2021\/09\/anunt-publicitar-12x18-1.jpg\" alt=\"anunt publicitar 12x18\" itemprop=\"image\" title=\"anunt publicitar 12x18\" onerror=\"this.style.display='none'\"  \/>\n\t<h2>Spot TV<\/h2>\n\t<meta itemprop=\"url\" content=\"https:\/\/multiscale.ro\/wp-content\/uploads\/2021\/09\/clip-prezentare.mp4\" \/><div style=\"width: 640px;\" class=\"wp-video\"><!--[if lt IE 9]><script>document.createElement('video');<\/script><![endif]-->\n<video class=\"wp-video-shortcode\" id=\"video-310-1\" width=\"640\" height=\"360\" preload=\"metadata\" controls=\"controls\"><source type=\"video\/mp4\" src=\"https:\/\/multiscale.ro\/wp-content\/uploads\/2021\/09\/clip-prezentare.mp4?_=1\" \/><a href=\"https:\/\/multiscale.ro\/wp-content\/uploads\/2021\/09\/clip-prezentare.mp4\">https:\/\/multiscale.ro\/wp-content\/uploads\/2021\/09\/clip-prezentare.mp4<\/a><\/video><\/div>\n<h2>\n\t\tInterviuri\n\t<\/h2>\n\t<meta itemprop=\"name\" content=\"Transfer de cunostinte intre universitati si intreprinderi\" \/><meta itemprop=\"uploadDate\" content=\"2021-09-29T00:00:00+00:00\" \/><meta itemprop=\"thumbnailUrl\" content=\"https:\/\/multiscale.ro\/wp-content\/uploads\/2021\/09\/carton-video-v2.jpg\" \/><meta itemprop=\"description\" content=\"Proiectul Multiscale, interviu Eden Mamut, nanotehnologii\" \/><meta itemprop=\"url\" content=\"https:\/\/multiscale.ro\/wp-content\/uploads\/2021\/09\/interviu-1.mp4\" \/><meta itemprop=\"thumbnail\" content=\"\" \/><div style=\"width: 640px;\" class=\"wp-video\"><video class=\"wp-video-shortcode\" id=\"video-310-2\" width=\"640\" height=\"360\" preload=\"metadata\" controls=\"controls\"><source type=\"video\/mp4\" src=\"https:\/\/multiscale.ro\/wp-content\/uploads\/2021\/09\/interviu-1.mp4?_=2\" \/><a href=\"https:\/\/multiscale.ro\/wp-content\/uploads\/2021\/09\/interviu-1.mp4\">https:\/\/multiscale.ro\/wp-content\/uploads\/2021\/09\/interviu-1.mp4<\/a><\/video><\/div>\n\t<p>Interviu 1 &#8211; Transferul de cunostinte intre universitati si intreprinderi inovative: Cresterea competitivitatii cazanelor cu peleti produse in Romania prin integrarea de nanotehnologii<\/p>\nRealizator: Alexandru Mironov, Jurnalist de \u0219tiin\u021b\u0103<br \/>\nInvitat: Prof. Dr. Ing. Eden Mamut<br \/>\nCanal: Dunarea TV, difuzat in data de 24 Sept. 2021, interval orar 19:50 -20:00\nLink Youtube: <a href=\"https:\/\/youtu.be\/EOQC7eUkqbQ\">Dunarea TV<\/a><br \/>\nLink Facebook: <a href=\"https:\/\/fb.watch\/8kdaqy4ZQD\">Dunarea TV<\/a><br \/>\nLink Youtube: <a href=\"https:\/\/www.youtube.com\/watch?v=OgKji3mEy-c\">Stiinta si Tehnica<\/a>\n\t<meta itemprop=\"name\" content=\"Servicii de cercetare stiintifica realizate in universitati\" \/><meta itemprop=\"uploadDate\" content=\"2021-09-29T00:00:00+00:00\" \/><meta itemprop=\"thumbnailUrl\" content=\"https:\/\/multiscale.ro\/wp-content\/uploads\/2021\/09\/carton-video-v2.jpg\" \/><meta itemprop=\"description\" content=\"Proeictul Multiscale, interviu Eden Mamut, nanomateriale\" \/><meta itemprop=\"url\" content=\"https:\/\/multiscale.ro\/wp-content\/uploads\/2021\/09\/interviu-2.mp4\" \/><meta itemprop=\"thumbnail\" content=\"\" \/><div style=\"width: 640px;\" class=\"wp-video\"><video class=\"wp-video-shortcode\" id=\"video-310-3\" width=\"640\" height=\"360\" preload=\"metadata\" controls=\"controls\"><source type=\"video\/mp4\" src=\"https:\/\/multiscale.ro\/wp-content\/uploads\/2021\/09\/interviu-2.mp4?_=3\" \/><a href=\"https:\/\/multiscale.ro\/wp-content\/uploads\/2021\/09\/interviu-2.mp4\">https:\/\/multiscale.ro\/wp-content\/uploads\/2021\/09\/interviu-2.mp4<\/a><\/video><\/div>\n\t<p>Interviu 2 &#8211; Servicii de cercetare stiintifica realizate in universitati in beneficiul intreprinderilor: Solutii antistatice pe baza de nanomateriale pentru cresterea performantelor panourilor solare produse in Romania<\/p>\nRealizator: Alexandru Mironov, Jurnalist de \u0219tiin\u021b\u0103<br \/>\nInvitat: Prof. Dr. Ing. Eden Mamut<br \/>\nCanal: Dunarea TV, difuzat in data de 25 Sept. 2021, interval orar 19:50 -20:00\nLink Youtube: <a href=\"https:\/\/youtu.be\/wuqEqDZM-Sc\">Dunarea TV<\/a><br \/>\nLink Facebook: <a href=\"https:\/\/fb.watch\/8ke6Vifp1G\">Dunarea TV<\/a><br \/>\nLink Youtube: <a href=\"https:\/\/www.youtube.com\/watch?v=8pRSDHm0xgw\">Stiinta si Tehnica<\/a>\n\t<meta itemprop=\"name\" content=\"Cooperare intre universitati si intreprinderi\" \/><meta itemprop=\"uploadDate\" content=\"2021-09-29T00:00:00+00:00\" \/><meta itemprop=\"thumbnailUrl\" content=\"https:\/\/multiscale.ro\/wp-content\/uploads\/2021\/09\/carton-video-v2.jpg\" \/><meta itemprop=\"description\" content=\"Proiectul Multiscale, interviu Eden Mamut, panouri solare hibride\" \/><meta itemprop=\"url\" content=\"https:\/\/multiscale.ro\/wp-content\/uploads\/2021\/09\/interviu-3.mp4\" \/><meta itemprop=\"thumbnail\" content=\"\" \/><div style=\"width: 640px;\" class=\"wp-video\"><video class=\"wp-video-shortcode\" id=\"video-310-4\" width=\"640\" height=\"360\" preload=\"metadata\" controls=\"controls\"><source type=\"video\/mp4\" src=\"https:\/\/multiscale.ro\/wp-content\/uploads\/2021\/09\/interviu-3.mp4?_=4\" \/><a href=\"https:\/\/multiscale.ro\/wp-content\/uploads\/2021\/09\/interviu-3.mp4\">https:\/\/multiscale.ro\/wp-content\/uploads\/2021\/09\/interviu-3.mp4<\/a><\/video><\/div>\n\t<p>Interviu 3 &#8211; Cooperarea dintre universitati si intreprinderi in domeniul nanotehnologiilor si metodelor avansate de proiectare pentru realizarea de produse inovative: Solutii originale romanesti pentru realizarea de panouri solare hibride<\/p>\nRealizator: Alexandru Mironov, Jurnalist de \u0219tiin\u021b\u0103<br \/>\nInvitat: Prof. Dr. Ing. Eden Mamut<br \/>\nCanal: Dunarea TV, difuzat in data de 26 Sept. 2021, interval orar 19:50 -20:00\nLink Youtube: <a href=\"https:\/\/youtu.be\/e1fGSQloHL0\">Dunarea TV<\/a><br \/>\nLink Facebook: <a href=\"https:\/\/fb.watch\/8kfmxbiqpv\">Dunarea TV<\/a><br \/>\nLink Youtube: <a href=\"https:\/\/www.youtube.com\/watch?v=C8agLOYzMbc\">Stiinta si Tehnica<\/a>\n\t<h2>Spot radio<\/h2>\n\t\t<meta itemprop=\"url\" content=\"https:\/\/multiscale.ro\/wp-content\/uploads\/2021\/09\/clip-radio.mp3\" \/><audio class=\"wp-audio-shortcode\" id=\"audio-310-2\" preload=\"none\" style=\"width: 100%;\" controls=\"controls\"><source type=\"audio\/mpeg\" src=\"https:\/\/multiscale.ro\/wp-content\/uploads\/2021\/09\/clip-radio.mp3?_=2\" \/><a href=\"https:\/\/multiscale.ro\/wp-content\/uploads\/2021\/09\/clip-radio.mp3\">https:\/\/multiscale.ro\/wp-content\/uploads\/2021\/09\/clip-radio.mp3<\/a><\/audio>\n\t<h2>Articole \u0219tiin\u021bifice de specialitate<\/h2>\n\tParteneriatele s-au stabilit pe baza derul\u0103rii de activit\u0103\u021bi concrete care au condus la publicarea de articole \u00een reviste de specialitate \u0219i \u00een volumele de lucr\u0103ri ale unor manifest\u0103ri \u0219tiin\u021bifice de prestigiu.\n<ul>\n<li>\nSC SOLAROM SRL ANTISTATIC COATINGS BASED ON NANOFLUIDS FOR PROTECTION OF SOLAR-THERMAL PANELS AGAINST THE DEPOSITION OF DIRT AND DUST, E. Mamut, G. Prodan, G. Voinea, NN 21 Conference THESSALONIKI, GREECE\n<\/li>\n<\/ul>\n<ul>\n<li>\nSC ECOHORNET SRL, THERMODYNAMIC MODELING AND OPTIMIZATION OF A SOLAR- THERMAL\/PELLET BOILER DISTRICT HEATING PLANT INTEGRATING NANOTECHNOLOGIES, E. Mamut, L. Oancea, G. Prodan, P. Ivan, l. Hornet\n<\/li>\n<li>\nSC ECOHORNET SRL, NANOSTRUCTURED MATERIALS DEDICATED TO FAST REACTIVE CATALYTIC FILTERS FOR GAS CLEAN- UP IN PELLET BOILERS USING WASTE BIOMASS, E. Mamut, L. Oancea, I. Hornet, A.Carac, NN 21 Conference THESSALONIKI, GREECE\n<\/li>\n<li>\nSC TRITECH GROUP SRL, CNT and Graphene based Nanocomposite for Enhancing the Heat Transfer Processes in Hybrid Solar Panels, E. Mamut, L. Oancea, O.F. Ghinea, NANOTECH FRANCE Conference 2021, Paris, Franta\n<\/li>\n<li>\nSC APEL LASER SRL, Colloidal Suspension of Silver Nanoparticles for Random Dispersion of LASER Beams, E. Mamut, L. Oancea, G. Prodan, A. Enache, NANOTECH FRANCE Conference 2021, Paris, Franta\n<\/li>\n<\/ul>\n<ul>\n<li>\nSC ELTRES R&amp;D SRL, NANOSTRUCTURED ELECTRO CATALYSTS FOR MEMBRANE ELECTRON ASSEMBLIES USED IN UREA FUEL CELLS FOR IOT APPLICATIONS, E. Mamut, I. M. S. Niculae, C. Sofroniei, NN 21 Conference, THESSALONIKI, GREECE\n<\/li>\n<\/ul>\n<ul>\n<li>\nSC EUROPLASTIC SRL, Enhancing heat transfer in biomass driers by using CNT powders, E. Mamut, L. Oancea, M. Ionescu, ICTEA 2024\n<\/li>\n<li>\nSC BEIA CONSULT INTERNATIONAL SRL, Enhancing heat transfer in water-water heat pumps by protective nanostructured layers, E. Mamut, L. Oancea, G. Suciu, EUROTHERM 2024 \n<\/li>\n<li>\nINAS SA, Digital Toolbox for dimensioning of the heat source in residential applications, E. Mamut, L. Oancea, C. Tacciu, M. Negru, ASME 2024\n<\/li>\n<li>\nSOCIETATEA DE INGINERIE SISTEME SIS SA, On-site production of oxygen by electrolysis in wastewater treatment reactors, E. Mamut, L. Oancea, A. Ghinet, A. Presura, LWWTP 2024\n<\/li>\n<li>\nSC ECOHORNET SRL, Catalytic filters for emission control in the incineration of peletised solid wastes in high temperature boilers, E. Mamut, L. Oancea, I. Hornet, L. Popa, EUBCE 2024\n<\/li>\n<li>\nSC TRITECH GROUP SRL, SC BEIA CONSULT INTERNATIONAL SRL, Coupling hybrid solar panels with heat pumps, E. Mamut, L. Oancea, O.F. Ghinea, G. Suciu- Proceedings of the 9th CHT-24 ICHMT International Symposium on Advances in Computational Heat Transfer\n<\/li>\n<li>\nSC APEL LASER SRL, Enhancing the biogas yields by laser biostimulation of hydrolysis solution in a pilot biogas plant, E. Mamut, L. Oancea, G. Prodan, A. Enache, SDEWES 2024 CONFERENCE\n<\/li>\n<li>\nSC ECOHORNET SRL, Thermoelectric Convertor for the Autonomous Operation of a Pellet Boiler, E. Mamut, L. Oancea, I. Hornet, EUROTHERM 2024 \n<\/li>\n<\/ul>\n\n\t<h2>Evenimente na\u021bionale<\/h2>\n\t<ul>\n<li>\nAtelier de lucru cu tema \u201eEcoinovare \u00een sistemele energetice utiliz\u00e2nd materiale nanostructurate&#8221;, 18.11.2016, Constanta\n<\/li>\n<li>\nAtelier de lucru cu tema \u201eCre\u0219terea performantelor sistemelor si echipamentelor\n<\/li>\n<\/ul>\nenergetice prin utilizarea materialelor nanostructurate si optimizarea complexa\nmultiscalata&#8221;, 09.12.2016, Craiova\n<ul>\n<li>\nSeminar \u0219tiin\u021bific cu tema \u201eModelare, analiz\u0103 \u015fi optimizare multiscalar\u0103&#8221;, 20.01.2017, Constanta\n<\/li>\n<li>\nAtelier de lucru cu tema \u201eMateriale avansate pentru liniile de procesare si peletizarea biomasei&#8221;, 24.02.2017, Constanta\n<\/li>\n<li>\nAtelierul de lucru cu tema \u201eStadiul actual \u015fi tendin\u021be \u00een cercetarea experimental\u0103 la dimensiuni de pico \u015fi nanometri&#8221;, 14.03.2017\n<\/li>\n<li>\nAtelier de lucru cu tema \u201eMaterialele critice care intervin \u00een lan\u0163urile de valoare care integreaz\u0103 celule de combustie \u015fi tehnologii energetice pe baz\u0103 de hidrogen&#8221;, 16-17.02.2017, Bucure\u0219ti\n<\/li>\n<li>\nAtelier de lucru cu tema \u201eSolu\u021bii inovative ob\u021binute prin integrarea de materiale nanostructurate in elementele de construc\u021bii pentru instala\u021bii industriale si energetice&#8221;, 22.03.2017, Bac\u0103u\n<\/li>\n<li>\nAtelier de lucru cu tema\u201eIntegrarea materialelor nanostructurate in sisteme\n<\/li>\n<\/ul>\nmecatronice&#8221;, 05.04.2017, Bucuresti\n<ul>\n<li>\nAtelier de lucru cu tema\u201e Perspective pentru dezvoltarea de produse si servicii\n<\/li>\n<\/ul>\ninovative aplic\u00e2nd Teoria Constructala si alte concepte teoretice avansate&#8221;, 17.05.2017, Bucuresti\n<ul>\n<li>\nAtelier de lucru cu tema &#8220;Promovarea surselor regenerabile de energie&#8221;, 21.06.2017, Constanta\n<\/li>\n<li>\nAtelier de lucru cu tema &#8220;Materiale avansate \u0219i concepte inginere\u0219ti de optimizare pentru cre\u0219terea eficien\u021bei energetice \u0219i reducerea impactului ecologic&#8221;, 27.06.2017, Craiova\n<\/li>\n<\/ul>\n\t<h2><strong>Participare la evenimente majore \u00een plan european<\/strong><\/h2>\n\t<ul>\n<li>\nConferin\u021ba Interna\u021bional\u0103 \u201eGraphene 2017&#8243;, 8-31.03.2017, Barcelona, Spania\n<\/li>\n<li>\nConferin\u021ba Interna\u021bional\u0103 \u201eConstructal Law &amp; Second Law Conference-CLC 2017&#8243;, 15-16 Mai 2017, Bucure\u0219ti, Rom\u00e2nia\n<\/li>\n<li>\nEXPO FUTURE ENERGY 2017 ASTANA, 7-11 august 2017, ASTANA, KAZAHSTAN\n<\/li>\n<li>\nConferin\u021ba Interna\u021bional\u0103 \u201eGraphIn 2019&#8243;, 21-22 Februarie 2019, Madrid, Spania\n<\/li>\n<li>\nConferin\u021ba Interna\u021bional\u0103 cu tema: \u201eRela\u021biile dintre universit\u0103\u021bi \u015fi\n<\/li>\n<li>\nindustrie&#8221; 18- 20 martie 2019, Haifa, Israel\n<\/li>\n<\/ul>\n<ul>\n<li>\nAtelierul de lucru pe tema: \u201eMeeting of directors on chemicals&#8221; 21-22 Martie 2019, Ramada Hotel, Pite\u015fti, Rom\u00e2nia\n<\/li>\n<li>\nStrategia pentru tranzi\u021bia Rom\u00e2niei spre economie circular\u0103 (2020 &#8211; 2030)&#8221;, 19 Aprilie, sala Senat, Campus, Universitatea Ovidius din Constan\u021ba\n<\/li>\n<li>\nMETAL SHOW &amp; TIB, 14 &#8211; 17 Mai, Pavilionul B2, ROMEXPO, Bucure\u0219ti\n<\/li>\n<li>\n\u201eEuroNanoForum&#8221;, 12- 14 iunie 2019, Palatul Parlamentului, Bucure\u0219ti\n<\/li>\n<li>\nParticipare eveniment EUSEW &#8211; Sustainable energy city 20-21 Iunie 2019, Universitatea Ovidius din Constan\u021ba\n<\/li>\n<li>\n\u201eSafety and Risk Governance of Manufactured\n<\/li>\n<li>\nNanomaterials in South-East Europe &amp; Black Sea Region&#8221;, 27 &#8211; 28 Iunie 2019, Hotel Complex Bulevard, Constan\u021ba\n<\/li>\n<li>\nConferin\u021ba Interna\u021bional\u0103 \u201eImplementation of the UN 2030 SDGs in the Black Sea Region&#8221;, 4-5 Octombrie 2019, Palatul Parlamentului, Bucure\u0219ti\n<\/li>\n<li>\n\u201eEnergy Innovation Challenge&#8221;, atelier de lucru cu tema &#8220;Materiale avansate \u0219i tehnologii de tip TIC pentru sisteme energetice inteligente&#8221; 29 Noiembrie 2019, Constan\u021ba\n<\/li>\n<li>\nGod4Nano \u201eRegulatory Risk Analysis Summit&#8221; &#8211; Meeting nanosafety needs across disciplines and domain, 4-5 Decembrie 2019, Bilthoven, Netherland\n<\/li>\n<li>\n3rd Int. Conference on Awareness: Education, Health, Science &amp; Arts, 5-7 Decembrie 2019, \u00c7OM\u00dc Troia Cultural Center, \u00c7anakkale, Turkey\n<\/li>\n<li>\nWorkshop \u201eImplementarea infrastructurii de calcul avansat pentru cercetare si educa\u0163ie ACIRE 2020&#8243; 21.10.2020\n<\/li>\n<li>\nConferin\u021ba virtual\u0103 &#8211; Nanotech \/ Biotech \/ NanoMatEn \/NanoMetrology 2021 23-25 iunie 2021, Paris, Fran\u021ba\n<\/li>\n<li>\nConferin\u0163a ECOS 2021, iunie-iulie 2021, Taormina, Sicilia, Italia\n<\/li>\n<li>\nA 18-a Conferin\u0163\u0103 Interna\u0163ional\u0103 pentru Nano\u015ftiin\u0163\u0103 \u015fi Nanotehnologii, Theesaloniki, Greece, 6 &#8211; 9 iulie 2021\n<\/li>\n<\/ul>\n\t\t\t\t<img loading=\"lazy\" decoding=\"async\" src=\"https:\/\/multiscale.ro\/wp-content\/uploads\/2024\/05\/Comunicat-de-Presa_decembrie_2023-V-3_page-0001.jpg\" alt=\"Comunicat de Presa_decembrie_2023 V 3_page-0001\" itemprop=\"image\" height=\"1755\" width=\"1241\" title=\"Comunicat de Presa_decembrie_2023 V 3_page-0001\" onerror=\"this.style.display='none'\"  \/>\n\t\t\t\t<img loading=\"lazy\" decoding=\"async\" src=\"https:\/\/multiscale.ro\/wp-content\/uploads\/2024\/05\/Comunicat-de-Presa_decembrie_2023-V-3_page-0002.jpg\" alt=\"Comunicat de Presa_decembrie_2023 V 3_page-0002\" itemprop=\"image\" height=\"1755\" width=\"1241\" title=\"Comunicat de Presa_decembrie_2023 V 3_page-0002\" onerror=\"this.style.display='none'\"  \/>\n\n","protected":false},"excerpt":{"rendered":"<p>18th International Conference on Nanosciences &#038; Nanotechnologies (NN21) 2021, Thessaloniki, Greece ECOS 2021 &#8211; THERMODYNAMIC MODELING AND OPTIMIZATION OF A SOLAR-THERMAL \/ PELLET BOILER DISTRICT HEATING PLANT INTEGRATING NANOTECHNOLOGIES Nanotech 2021 &#8211; Colloidal Suspenssion of Silver Nanoparticles for Random Dispersion of LASER Beams Nanotech 2021 &#8211; CNT and Graphene based Nanocomposite for Enhancing the Heat&hellip;&nbsp;<a href=\"https:\/\/multiscale.ro\/index.php\/diseminare\/\" rel=\"bookmark\">Read More &raquo;<span class=\"screen-reader-text\">Diseminare<\/span><\/a><\/p>\n","protected":false},"author":1,"featured_media":0,"parent":0,"menu_order":0,"comment_status":"closed","ping_status":"closed","template":"","meta":{"neve_meta_sidebar":"full-width","neve_meta_container":"","neve_meta_enable_content_width":"on","neve_meta_content_width":100,"neve_meta_title_alignment":"","neve_meta_author_avatar":"","neve_post_elements_order":"","neve_meta_disable_header":"","neve_meta_disable_footer":"","neve_meta_disable_title":"","footnotes":""},"class_list":["post-310","page","type-page","status-publish","hentry"],"_links":{"self":[{"href":"https:\/\/multiscale.ro\/index.php\/wp-json\/wp\/v2\/pages\/310","targetHints":{"allow":["GET"]}}],"collection":[{"href":"https:\/\/multiscale.ro\/index.php\/wp-json\/wp\/v2\/pages"}],"about":[{"href":"https:\/\/multiscale.ro\/index.php\/wp-json\/wp\/v2\/types\/page"}],"author":[{"embeddable":true,"href":"https:\/\/multiscale.ro\/index.php\/wp-json\/wp\/v2\/users\/1"}],"replies":[{"embeddable":true,"href":"https:\/\/multiscale.ro\/index.php\/wp-json\/wp\/v2\/comments?post=310"}],"version-history":[{"count":29,"href":"https:\/\/multiscale.ro\/index.php\/wp-json\/wp\/v2\/pages\/310\/revisions"}],"predecessor-version":[{"id":401,"href":"https:\/\/multiscale.ro\/index.php\/wp-json\/wp\/v2\/pages\/310\/revisions\/401"}],"wp:attachment":[{"href":"https:\/\/multiscale.ro\/index.php\/wp-json\/wp\/v2\/media?parent=310"}],"curies":[{"name":"wp","href":"https:\/\/api.w.org\/{rel}","templated":true}]}}