{"id":236,"date":"2021-02-19T09:30:40","date_gmt":"2021-02-19T09:30:40","guid":{"rendered":"http:\/\/multiscale.ro\/?page_id=236"},"modified":"2021-02-19T13:05:47","modified_gmt":"2021-02-19T13:05:47","slug":"stiri","status":"publish","type":"page","link":"https:\/\/multiscale.ro\/index.php\/stiri\/","title":{"rendered":"\u0218tiri"},"content":{"rendered":"\n\n\t<p>&nbsp;<\/p>\n<table>\n<tbody>\n<tr>\n<td><img decoding=\"async\" src=\"\/\/multiscale.ro\/wp-content\/uploads\/2021\/02\/stire1.jpg\" \/><br \/>\nSeminar \u0219tiin\u021bific la Universitatea Ovidius<br \/>\n<a href=\"http:\/\/www.ziuaconstanta.ro\/stiri\/invatamant\/seminar-stiintific-la-universitatea-ovidius-623711.html\">Cite\u0219te &gt;&gt;<\/a><\/td>\n<td><\/td>\n<td><img decoding=\"async\" src=\"\/\/multiscale.ro\/wp-content\/uploads\/2021\/02\/stire2.jpg\" \/><br \/>\nUniversitatea &#8220;Ovidius&#8221; a aruncat provocarea la inova\u0163ie liceenilor<br \/>\n<a href=\"https:\/\/www.cugetliber.ro\/stiri-cultura-educatie-universitatea-ovidius-a-aruncat-provocarea-la-inovatie-liceenilor-304133\">Cite\u0219te &gt;&gt;<\/a><\/td>\n<td><\/td>\n<td><img decoding=\"async\" src=\"\/\/multiscale.ro\/wp-content\/uploads\/2021\/02\/stire3.jpg\" \/><br \/>\nClusterele MEDGreen \u0219i MECHATREC \u00ee\u0219i reunesc expertiza pentru a dezvolta materiale \u0219i echipamente inteligente<br \/>\n<a href=\"http:\/\/www.marketwatch.ro\/articol\/15610\/Clusterele_MEDGreen_si_MECHATREC_isi_reunesc_expertiza_pentru_a_dezvolta_materiale_si_echipamente_inteligente\/\">Cite\u0219te &gt;&gt;<\/a><\/td>\n<\/tr>\n<tr>\n<td><\/td>\n<td><\/td>\n<td><\/td>\n<\/tr>\n<tr>\n<td><img decoding=\"async\" src=\"\/\/multiscale.ro\/wp-content\/uploads\/2021\/02\/stire4.jpg\" \/><br \/>\nPrelegerea \u201eModelare, analiz\u0103 \u015fi optimizare multiscalar\u0103&#8221;, la UOC<br \/>\n<a href=\"http:\/\/www.e-reporter.ro\/prelegerea-modelare-analiza-si-optimizare-multiscalara-la-uoc\/\">Cite\u0219te &gt;&gt;<\/a><\/td>\n<td><\/td>\n<td><img decoding=\"async\" src=\"\/\/multiscale.ro\/wp-content\/uploads\/2021\/02\/stire5.jpg\" \/><br \/>\nConstan\u021ba Sustainable Energy City 2017<br \/>\n<a href=\"http:\/\/eusew.eu\/energy-days\/constanta-sustainable-energy-city-2017\">Cite\u0219te &gt;&gt;<\/a><\/td>\n<td><\/td>\n<td><img decoding=\"async\" src=\"\/\/multiscale.ro\/wp-content\/uploads\/2021\/02\/stire6.jpg\" \/><br \/>\nTrei licee \u015fi trei universit\u0103\u0163i se bat \u00een proiecte de inova\u0163ie \u015fi antreprenoriat<br \/>\n<a href=\"http:\/\/observator.ro\/invatamant-trei-licee-si-trei-universitati-se-bat-proiecte-de-inovatie-si-antreprenoriat-402767.html\">Cite\u0219te &gt;&gt;<\/a><\/td>\n<\/tr>\n<tr>\n<td><\/td>\n<td><\/td>\n<td><\/td>\n<\/tr>\n<tr>\n<td><img decoding=\"async\" src=\"\/\/multiscale.ro\/wp-content\/uploads\/2021\/02\/stire7.jpg\" \/><br \/>\nAtelier inedit la Universitatea Ovidius<br \/>\n<a href=\"http:\/\/observator.ro\/atelier-inedit-la-universitatea-ovidius-413314.html\">Cite\u0219te &gt;&gt;<\/a><\/td>\n<\/tr>\n<\/tbody>\n<\/table>\n\n","protected":false},"excerpt":{"rendered":"<p>&nbsp; Seminar \u0219tiin\u021bific la Universitatea Ovidius Cite\u0219te &gt;&gt; Universitatea &#8220;Ovidius&#8221; a aruncat provocarea la inova\u0163ie liceenilor Cite\u0219te &gt;&gt; Clusterele MEDGreen \u0219i MECHATREC \u00ee\u0219i reunesc expertiza pentru a dezvolta materiale \u0219i echipamente inteligente Cite\u0219te &gt;&gt; Prelegerea \u201eModelare, analiz\u0103 \u015fi optimizare multiscalar\u0103&#8221;, la UOC Cite\u0219te &gt;&gt; Constan\u021ba Sustainable Energy City 2017 Cite\u0219te &gt;&gt; Trei licee \u015fi trei&hellip;&nbsp;<a href=\"https:\/\/multiscale.ro\/index.php\/stiri\/\" rel=\"bookmark\">Read More &raquo;<span class=\"screen-reader-text\">\u0218tiri<\/span><\/a><\/p>\n","protected":false},"author":1,"featured_media":0,"parent":0,"menu_order":0,"comment_status":"closed","ping_status":"closed","template":"","meta":{"neve_meta_sidebar":"full-width","neve_meta_container":"contained","neve_meta_enable_content_width":"on","neve_meta_content_width":100,"neve_meta_title_alignment":"","neve_meta_author_avatar":"","neve_post_elements_order":"","neve_meta_disable_header":"","neve_meta_disable_footer":"","neve_meta_disable_title":"","footnotes":""},"class_list":["post-236","page","type-page","status-publish","hentry"],"_links":{"self":[{"href":"https:\/\/multiscale.ro\/index.php\/wp-json\/wp\/v2\/pages\/236","targetHints":{"allow":["GET"]}}],"collection":[{"href":"https:\/\/multiscale.ro\/index.php\/wp-json\/wp\/v2\/pages"}],"about":[{"href":"https:\/\/multiscale.ro\/index.php\/wp-json\/wp\/v2\/types\/page"}],"author":[{"embeddable":true,"href":"https:\/\/multiscale.ro\/index.php\/wp-json\/wp\/v2\/users\/1"}],"replies":[{"embeddable":true,"href":"https:\/\/multiscale.ro\/index.php\/wp-json\/wp\/v2\/comments?post=236"}],"version-history":[{"count":5,"href":"https:\/\/multiscale.ro\/index.php\/wp-json\/wp\/v2\/pages\/236\/revisions"}],"predecessor-version":[{"id":293,"href":"https:\/\/multiscale.ro\/index.php\/wp-json\/wp\/v2\/pages\/236\/revisions\/293"}],"wp:attachment":[{"href":"https:\/\/multiscale.ro\/index.php\/wp-json\/wp\/v2\/media?parent=236"}],"curies":[{"name":"wp","href":"https:\/\/api.w.org\/{rel}","templated":true}]}}