{"id":228,"date":"2021-02-19T09:29:15","date_gmt":"2021-02-19T09:29:15","guid":{"rendered":"http:\/\/multiscale.ro\/?page_id=228"},"modified":"2024-03-05T08:54:56","modified_gmt":"2024-03-05T08:54:56","slug":"obiective","status":"publish","type":"page","link":"https:\/\/multiscale.ro\/index.php\/obiective\/","title":{"rendered":"Obiective"},"content":{"rendered":"\n\n\t\t\t\t<img decoding=\"async\" src=\"https:\/\/multiscale.ro\/wp-content\/uploads\/2021\/02\/obiective.jpg\" alt=\"Graphs of financial analysis - Isolated\" itemprop=\"image\" title=\"Graphs of financial analysis - Isolated\" onerror=\"this.style.display='none'\"  \/>\n\t<p><b>Scopul proiectului:<\/b><\/p>\n<p>Scopul proiectului este facilitarea accesului unui grup de \u00eentreprinderi interesate in dezvoltarea de produse \u0219i servicii cu valoare ad\u0103ugat\u0103 ridicat\u0103 prin transferul de cuno\u015ftin\u0163e din activitatea de cercetare, la expertiza avansat\u0103 din cadrul UOC-INSAE \u00een domeniul dezvolt\u0103rii de materiale nano-structurate \u0219i al integr\u0103rii acestora \u00een sisteme energetice complexe \u0219i accesul la facilit\u0103\u0163iile existente pe platforma de cercetare HyRES din cadrul institutului.<\/p>\n<p><b>Obiective specifice:<\/b><\/p>\n<ul>\n<li>Dezvoltarea de cercet\u0103ri \u00een vederea sintezei de materiale nano-structurate cu aplica\u021bii \u00een procesarea biomasei \u0219i a rezidurilor organice \u00een vederea peletiz\u0103rii \u0219i producerii de biogaz, catalizatori pentru reformarea hidrocarburilor, cataliza proceselor de ardere \u0219i reducerea emisiilor poluante, purificarea \u0219i condi\u021bionarea combustibililor gazo\u0219i, dezvoltarea de componente pentru celule de combustie \u0219i de sisteme de cogenerare integrand baterii de celule de combustie, reducerea impactului ecologic \u0219i protejarea anticoroziv\u0103 a structurilor \u00een medii marine \u0219i zone litorale;<\/li>\n<li>Dezvoltarea de modele multiscalare \u0219i multi-fizice pentru analiza interac\u021biuniilor dintre procese termo-fluido-chimice \u0219i structuri, in vederea integr\u0103rii materialelor nano-structurate \u00een componente ale sistemelor energetice avansate \u0219i structuri aflate \u00een condi\u021bii de solicit\u0103ri complexe specifice zonelor de ape continentale \u0219i zone litorale;<\/li>\n<li>Investiga\u021bii experimentale, teste \u0219i valid\u0103ri ale modelelor de analiz\u0103, simulare \u0219i optimizare pe platforma HyRES \u0219i \u00een laboratoarele INSAE;<\/li>\n<li>Identificarea cerin\u021belor specifice ale \u00eentreprinderilor industriale partenere \u0219i asisten\u021b\u0103 prin servicii de inovare, proiectare, modelare \u0219i optimizare;<\/li>\n<li>Asisten\u021ba tehnic\u0103 c\u0103tre intreprinderile industriale partenere, \u00een vederea integr\u0103rii rezultatelor cercet\u0103rii \u0219tiin\u021bifice \u00een produse \u0219i servicii cu valoare adaugat\u0103 ridicat\u0103.<\/li>\n<\/ul>\n\n","protected":false},"excerpt":{"rendered":"<p>Scopul proiectului: Scopul proiectului este facilitarea accesului unui grup de \u00eentreprinderi interesate in dezvoltarea de produse \u0219i servicii cu valoare ad\u0103ugat\u0103 ridicat\u0103 prin transferul de cuno\u015ftin\u0163e din activitatea de cercetare, la expertiza avansat\u0103 din cadrul UOC-INSAE \u00een domeniul dezvolt\u0103rii de materiale nano-structurate \u0219i al integr\u0103rii acestora \u00een sisteme energetice complexe \u0219i accesul la facilit\u0103\u0163iile existente&hellip;&nbsp;<a href=\"https:\/\/multiscale.ro\/index.php\/obiective\/\" rel=\"bookmark\">Read More &raquo;<span class=\"screen-reader-text\">Obiective<\/span><\/a><\/p>\n","protected":false},"author":1,"featured_media":0,"parent":0,"menu_order":0,"comment_status":"closed","ping_status":"closed","template":"","meta":{"neve_meta_sidebar":"full-width","neve_meta_container":"contained","neve_meta_enable_content_width":"on","neve_meta_content_width":100,"neve_meta_title_alignment":"left","neve_meta_author_avatar":"","neve_post_elements_order":"","neve_meta_disable_header":"","neve_meta_disable_footer":"","neve_meta_disable_title":"off","footnotes":""},"class_list":["post-228","page","type-page","status-publish","hentry"],"_links":{"self":[{"href":"https:\/\/multiscale.ro\/index.php\/wp-json\/wp\/v2\/pages\/228","targetHints":{"allow":["GET"]}}],"collection":[{"href":"https:\/\/multiscale.ro\/index.php\/wp-json\/wp\/v2\/pages"}],"about":[{"href":"https:\/\/multiscale.ro\/index.php\/wp-json\/wp\/v2\/types\/page"}],"author":[{"embeddable":true,"href":"https:\/\/multiscale.ro\/index.php\/wp-json\/wp\/v2\/users\/1"}],"replies":[{"embeddable":true,"href":"https:\/\/multiscale.ro\/index.php\/wp-json\/wp\/v2\/comments?post=228"}],"version-history":[{"count":6,"href":"https:\/\/multiscale.ro\/index.php\/wp-json\/wp\/v2\/pages\/228\/revisions"}],"predecessor-version":[{"id":397,"href":"https:\/\/multiscale.ro\/index.php\/wp-json\/wp\/v2\/pages\/228\/revisions\/397"}],"wp:attachment":[{"href":"https:\/\/multiscale.ro\/index.php\/wp-json\/wp\/v2\/media?parent=228"}],"curies":[{"name":"wp","href":"https:\/\/api.w.org\/{rel}","templated":true}]}}