{"id":121,"date":"2019-08-09T10:34:49","date_gmt":"2019-08-09T10:34:49","guid":{"rendered":"https:\/\/demosites.io\/creative-portfolio-bb\/?page_id=5"},"modified":"2024-02-27T12:52:22","modified_gmt":"2024-02-27T12:52:22","slug":"c8871-creative-portfolio-bb-home","status":"publish","type":"page","link":"https:\/\/multiscale.ro\/","title":{"rendered":"Home"},"content":{"rendered":"\n<h2>\n\t\tProiect MultiScale\n\t<\/h2>\n<h4>\n\t\tCercet\u0103ri asupra dezvolt\u0103rii de materiale avansate \u015fi optimizare multiscalar\u0103 prin integrarea materialelor nano-structurate \u00een sisteme energetice avansate\n\t<\/h4>\n\t\t\t<a href=\"\/\/multiscale.ro\/index.php\/obiective\/\" target=\"_self\" rel=\"noopener\">\n\t\t\t\t\t\t\tDESPRE\n\t\t\t\t\t<\/a>\n\t\t\t\t<img decoding=\"async\" src=\"https:\/\/multiscale.ro\/wp-content\/uploads\/2019\/08\/neve-creative-portfolio-24-1.jpg\" alt=\"creative-portfolio-24\" itemprop=\"image\" title=\"creative-portfolio-24\" onerror=\"this.style.display='none'\"  \/>\n\t\t\t\t<img decoding=\"async\" src=\"https:\/\/s33834.pcdn.co\/creative-portfolio-bb\/wp-content\/uploads\/sites\/261\/2019\/08\/bar.png\" alt=\"bar\" itemprop=\"image\" title=\"bar\" onerror=\"this.style.display='none'\"  \/>\n<h2>\n\t\tDespre proiect\n\t<\/h2>\n\t<p><center>Axa prioritara 1-Cercetare, Dezvoltare tehnologica si Inovare (CDI) in sprijinul Competitivitatii Economice si Dezvoltarii<\/center><center>Prioritatea de investitii: PI1b: promovarea investi\u021biilor \u00een C&amp;I, dezvoltarea de leg\u0103turi \u0219i sinergii \u00eentre \u00eentreprinderi, centrele de cercetare \u0219i dezvoltare \u0219i \u00eenv\u0103\u021b\u0103m\u00e2ntul superior<\/center><center>Actiunea: 1.2.3 Tip proiect: Parteneriate pentru Transfer de Cunostinte<\/center><center><b>Beneficiar: Universitatea &#8220;Ovidius&#8221; din Constan\u021ba <\/b><\/center><center><b>Data incepere: 01.09.2016 <\/b><\/center><center><b>Perioada de implementare: 01.09.2016 &#8211; 30.11.2023 <\/b><\/center><center><b>Valoarea total\u0103 a proiectului este de 8.254.937,50 Lei, din care asisten\u0163a financiar\u0103 nerambursabil\u0103 este de 7.246.911,50 Lei. <\/b><\/center><\/p>\n\t\t\t<a href=\"\/\/multiscale.ro\/index.php\/contact\/\" target=\"_self\" rel=\"noopener\">\n\t\t\t\t\t\t\tS\u0102 VORBIM\n\t\t\t\t\t<\/a>\n\t\t\t\t<img decoding=\"async\" src=\"https:\/\/multiscale.ro\/wp-content\/uploads\/2021\/02\/nanomaterials.jpg\" alt=\"nanomaterials\" itemprop=\"image\" title=\"nanomaterials\" onerror=\"this.style.display='none'\"  \/>\n\t\t\t\t<img decoding=\"async\" src=\"https:\/\/multiscale.ro\/wp-content\/uploads\/2021\/02\/pexels-jonas-svidras-785418.jpg\" alt=\"pexels-jonas-svidras-785418\" itemprop=\"image\" title=\"pexels-jonas-svidras-785418\" onerror=\"this.style.display='none'\"  \/>\n\t\t\t\t<img decoding=\"async\" src=\"https:\/\/multiscale.ro\/wp-content\/uploads\/2021\/02\/pexels-pixabay-373543.jpg\" alt=\"pexels-pixabay-373543\" itemprop=\"image\" title=\"pexels-pixabay-373543\" onerror=\"this.style.display='none'\"  \/>\n\t\t\t\t<img decoding=\"async\" src=\"https:\/\/multiscale.ro\/wp-content\/uploads\/2021\/02\/pexels-steve-johnson-1044990.jpg\" alt=\"pexels-steve-johnson-1044990\" itemprop=\"image\" title=\"pexels-steve-johnson-1044990\" onerror=\"this.style.display='none'\"  \/>\n<h2>\n\t\tDori\u021bi s\u0103 v\u0103 al\u0103tura\u021bi proiectului ?\n\t<\/h2>\n\t\t\t<a href=\"\/\/multiscale.ro\/index.php\/contact\/\" target=\"_self\" rel=\"noopener\">\n\t\t\t\t\t\t\tCONTACTA\u021aI-NE\n\t\t\t\t\t<\/a>\n\n","protected":false},"excerpt":{"rendered":"<p>Proiect MultiScale Cercet\u0103ri asupra dezvolt\u0103rii de materiale avansate \u015fi optimizare multiscalar\u0103 prin integrarea materialelor nano-structurate \u00een sisteme energetice avansate DESPRE Despre proiect Axa prioritara 1-Cercetare, Dezvoltare tehnologica si Inovare (CDI) in sprijinul Competitivitatii Economice si DezvoltariiPrioritatea de investitii: PI1b: promovarea investi\u021biilor \u00een C&amp;I, dezvoltarea de leg\u0103turi \u0219i sinergii \u00eentre \u00eentreprinderi, centrele de cercetare \u0219i dezvoltare&hellip;&nbsp;<a href=\"https:\/\/multiscale.ro\/\" rel=\"bookmark\">Read More &raquo;<span class=\"screen-reader-text\">Home<\/span><\/a><\/p>\n","protected":false},"author":1,"featured_media":0,"parent":0,"menu_order":0,"comment_status":"closed","ping_status":"closed","template":"page-templates\/template-pagebuilder-full-width.php","meta":{"neve_meta_sidebar":"","neve_meta_container":"","neve_meta_enable_content_width":"","neve_meta_content_width":70,"neve_meta_title_alignment":"","neve_meta_author_avatar":"","neve_post_elements_order":"","neve_meta_disable_header":"","neve_meta_disable_footer":"","neve_meta_disable_title":"on","footnotes":""},"class_list":["post-121","page","type-page","status-publish","hentry"],"_links":{"self":[{"href":"https:\/\/multiscale.ro\/index.php\/wp-json\/wp\/v2\/pages\/121","targetHints":{"allow":["GET"]}}],"collection":[{"href":"https:\/\/multiscale.ro\/index.php\/wp-json\/wp\/v2\/pages"}],"about":[{"href":"https:\/\/multiscale.ro\/index.php\/wp-json\/wp\/v2\/types\/page"}],"author":[{"embeddable":true,"href":"https:\/\/multiscale.ro\/index.php\/wp-json\/wp\/v2\/users\/1"}],"replies":[{"embeddable":true,"href":"https:\/\/multiscale.ro\/index.php\/wp-json\/wp\/v2\/comments?post=121"}],"version-history":[{"count":13,"href":"https:\/\/multiscale.ro\/index.php\/wp-json\/wp\/v2\/pages\/121\/revisions"}],"predecessor-version":[{"id":394,"href":"https:\/\/multiscale.ro\/index.php\/wp-json\/wp\/v2\/pages\/121\/revisions\/394"}],"wp:attachment":[{"href":"https:\/\/multiscale.ro\/index.php\/wp-json\/wp\/v2\/media?parent=121"}],"curies":[{"name":"wp","href":"https:\/\/api.w.org\/{rel}","templated":true}]}}